{"id":2077,"date":"2019-03-20T15:17:33","date_gmt":"2019-03-20T15:17:33","guid":{"rendered":"http:\/\/dev.schmiedekampf.de\/?page_id=2077"},"modified":"2019-03-29T18:32:58","modified_gmt":"2019-03-29T18:32:58","slug":"look-inside-the-book","status":"publish","type":"page","link":"https:\/\/schmiedekampf.de\/en\/look-inside-the-book\/","title":{"rendered":"Look inside the book"},"content":{"rendered":"\n<div class=\"wp-block-cover has-background-dim banner\" style=\"background-image:url(\/wp-content\/uploads\/2019\/02\/schmiedekampf-home-banner-4.jpg)\"><p class=\"wp-block-cover-text\">Look inside the book<\/p><\/div>\n\n\n\n<figure class=\"wp-block-image is-resized float-left\"><img loading=\"lazy\" src=\"\/wp-content\/uploads\/2019\/02\/Kunstbuch_Juergen_Schmiedekampf-1-1.jpg\" alt=\"\" class=\"wp-image-764\" width=\"300\" height=\"378\" srcset=\"https:\/\/schmiedekampf.de\/wp-content\/uploads\/2019\/02\/Kunstbuch_Juergen_Schmiedekampf-1-1.jpg 300w, https:\/\/schmiedekampf.de\/wp-content\/uploads\/2019\/02\/Kunstbuch_Juergen_Schmiedekampf-1-1-238x300.jpg 238w\" sizes=\"(max-width: 300px) 100vw, 300px\" \/><\/figure>\n\n\n\n<div class=\"g-block center-div text-block size-50   \">\n    <div>\n        <h3>Anja Jahns: J\u00fcrgen Schmiedekampf \u2013 Zwischen Fotografie und Malerei<\/h3>        <p>Anja Jahns: J\u00fcrgen Schmiedekampf \u2013 Zwischen Fotografie und Malerei\nmundus kunstbuch verlag\nE.M.F. GmbH M\u00fcnchen\nOktober 2012\n206 Seiten, zahlr. farb. Abb.\nISBN 978-3-9815426-0-8<\/p>    <\/div>\n<\/div>\n\n\n    \n\n\n<div class=\"g-block center-div text-block size-50   no-padding\">\n    <div>\n        <h4>Preis: \u20ac 58,00<\/h4>            <\/div>\n<\/div>\n\n\n    \n\n\n<div class=\"ctaDiv center-div size-50 \">\n    <div>\n        <a class=\"cta\" href=\"\/wp-content\/uploads\/Blick-ins-Buch-Juergen-Schmiedekampf.pdf\">\n            <span class=\"outline huge\">Blick ins Buch<\/span>\n        <\/a>\n    <\/div>\n<\/div>\n\n\n    \n\n\n<div class=\"ctaDiv center-div size-50 \">\n    <div>\n        <a class=\"cta\" href=\"http:\/\/www.mundus-art.com\/index.php?option=com_content&#038;view=article&#038;id=77&#038;Itemid=26\">\n            <span class=\"outline huge\">Buch jetzt kaufen<\/span>\n        <\/a>\n    <\/div>\n<\/div>\n\n\n    \n\n\n<div class=\"g-block center-div text-block size-50  clear-float \">\n    <div>\n        <h3>Kurze Einleitung\u00a0<\/h3>        <p>Die Bildfindungen von J\u00fcrgen Schmiedekampf sind weit entfernt von jedweder Freilicht- oder Plein air- Malerei, bei der der K\u00fcnstler das abzubildende Objekt direkt vor Ort, im nat\u00fcrlichen Licht und im unmittelbaren Umfeld auf die Leinwand bringt. Schmiedekampf nutzt die Fotografie, um im Atelier seine Bildideen zu entwickeln. Unabh\u00e4ngig von den Motiven der New Yorker Architekturen, den People- Szenen, den Park- und Aktdarstellungen, wie auch den Themen Strand und Stillleben, ist die Dialektik zwischen Fotografi e und Malerei immanent f\u00fcr das Schaffen des K\u00fcnstlers.<\/p>    <\/div>\n<\/div>\n\n\n    ","protected":false},"excerpt":{"rendered":"","protected":false},"author":14,"featured_media":0,"parent":0,"menu_order":0,"comment_status":"closed","ping_status":"closed","template":"","meta":[],"_links":{"self":[{"href":"https:\/\/schmiedekampf.de\/en\/wp-json\/wp\/v2\/pages\/2077"}],"collection":[{"href":"https:\/\/schmiedekampf.de\/en\/wp-json\/wp\/v2\/pages"}],"about":[{"href":"https:\/\/schmiedekampf.de\/en\/wp-json\/wp\/v2\/types\/page"}],"author":[{"embeddable":true,"href":"https:\/\/schmiedekampf.de\/en\/wp-json\/wp\/v2\/users\/14"}],"replies":[{"embeddable":true,"href":"https:\/\/schmiedekampf.de\/en\/wp-json\/wp\/v2\/comments?post=2077"}],"version-history":[{"count":3,"href":"https:\/\/schmiedekampf.de\/en\/wp-json\/wp\/v2\/pages\/2077\/revisions"}],"predecessor-version":[{"id":2208,"href":"https:\/\/schmiedekampf.de\/en\/wp-json\/wp\/v2\/pages\/2077\/revisions\/2208"}],"wp:attachment":[{"href":"https:\/\/schmiedekampf.de\/en\/wp-json\/wp\/v2\/media?parent=2077"}],"curies":[{"name":"wp","href":"https:\/\/api.w.org\/{rel}","templated":true}]}}