{"id":2073,"date":"2019-03-20T15:15:56","date_gmt":"2019-03-20T15:15:56","guid":{"rendered":"http:\/\/dev.schmiedekampf.de\/?page_id=2073"},"modified":"2025-06-06T10:47:36","modified_gmt":"2025-06-06T10:47:36","slug":"orders","status":"publish","type":"page","link":"https:\/\/schmiedekampf.de\/en\/orders\/","title":{"rendered":"Orders"},"content":{"rendered":"\n<div class=\"wp-block-cover is-light banner\"><span aria-hidden=\"true\" class=\"wp-block-cover__background has-background-dim\"><\/span><img loading=\"lazy\" width=\"1200\" height=\"726\" class=\"wp-block-cover__image-background wp-image-1866\" alt=\"\" src=\"\/wp-content\/uploads\/2019\/03\/zeit-f\u00fcr-r\u00fcdiger-2009.jpg\" data-object-fit=\"cover\" srcset=\"https:\/\/schmiedekampf.de\/wp-content\/uploads\/2019\/03\/zeit-f\u00fcr-r\u00fcdiger-2009.jpg 1200w, https:\/\/schmiedekampf.de\/wp-content\/uploads\/2019\/03\/zeit-f\u00fcr-r\u00fcdiger-2009-300x182.jpg 300w, https:\/\/schmiedekampf.de\/wp-content\/uploads\/2019\/03\/zeit-f\u00fcr-r\u00fcdiger-2009-768x465.jpg 768w, https:\/\/schmiedekampf.de\/wp-content\/uploads\/2019\/03\/zeit-f\u00fcr-r\u00fcdiger-2009-1024x620.jpg 1024w\" sizes=\"(max-width: 1200px) 100vw, 1200px\" \/><div class=\"wp-block-cover__inner-container\">\n<p class=\"has-text-align-center has-large-font-size\">Orders<\/p>\n<\/div><\/div>\n\n\n\n<div class=\"image-gallery lazy-load g-block image-link  align-center\">\n    <!-- <img src=\"\" class=\"hide\" \/> -->\n    <a href=\"https:\/\/schmiedekampf.de\/wp-content\/uploads\/2025\/02\/HIGH-LINE-SPRING-TIME-2024-160-x-240-cm-Besitz-RAILPOOL-Hamburg-1-4.jpeg\" data-lightbox=\"cat\" data-title=\"HIGH-LINE SPRING-TIME, 2024, 63 x 94,5 inches (Ownership RAILPOOL, Hamburg)\"><img class=\"lazy\" data-src='https:\/\/schmiedekampf.de\/wp-content\/uploads\/2025\/02\/HIGH-LINE-SPRING-TIME-2024-160-x-240-cm-Besitz-RAILPOOL-Hamburg-1-5.jpeg' \/><\/a>\n    <div class=\"img-description\">\n        HIGH-LINE SPRING-TIME, 2024, 63 x 94,5 inches (Ownership RAILPOOL, Hamburg)            <\/div>\n<\/div>\n\n\n    \n\n\n<div class=\"image-gallery lazy-load g-block image-link  align-center\">\n    <!-- <img src=\"\" class=\"hide\" \/> -->\n    <a href=\"https:\/\/schmiedekampf.de\/wp-content\/uploads\/2023\/01\/2023-01_JSK_WHAT_ART_IS_GOOD_FOR_1200.jpg\" data-lightbox=\"cat\" data-title=\"WHAT ART IS GOOD FOR, 2022, 63,0 x 47,2 in\"><img class=\"lazy\" data-src='https:\/\/schmiedekampf.de\/wp-content\/uploads\/2023\/01\/2023-01_JSK_WHAT_ART_IS_GOOD_FOR_400.jpg' \/><\/a>\n    <div class=\"img-description\">\n        WHAT ART IS GOOD FOR, 2022, 63,0 x 47,2 in                        <div class=\"aus\"><span class=\"aus\"><\/span> \n                    Sold                <\/div>\n            <\/div>\n<\/div>\n\n\n    \n\n\n<div class=\"image-gallery lazy-load g-block image-link  align-center\">\n    <!-- <img src=\"\" class=\"hide\" \/> -->\n    <a href=\"https:\/\/schmiedekampf.de\/wp-content\/uploads\/2021\/11\/SALUTE-2021-75-x-110-cm-Havanna-Lounge-Bremen-1200.jpg\" data-lightbox=\"cat\" data-title=\"SALUTE, 2021, 29,5 x 43,3 in, owned by Havanna Lounge Bremen\"><img class=\"lazy\" data-src='https:\/\/schmiedekampf.de\/wp-content\/uploads\/2021\/11\/SALUTE-2021-75-x-110-cm-Havanna-Lounge-Bremen-400.png' \/><\/a>\n    <div class=\"img-description\">\n        SALUTE, 2021, 29,5 x 43,3 in, owned by Havanna Lounge Bremen                        <div class=\"aus\"><span class=\"aus\"><\/span> \n                    Sold                <\/div>\n            <\/div>\n<\/div>\n\n\n    \n\n\n<div class=\"wp-container-3 wp-block-columns has-2-columns\">\n<div class=\"wp-container-1 wp-block-column\">\n<div class=\"image-gallery lazy-load g-block image-link  align-center\">\n    <!-- <img src=\"\" class=\"hide\" \/> -->\n    <a href=\"https:\/\/schmiedekampf.de\/wp-content\/uploads\/2021\/11\/CHIP-2021-120-x-140-cm-SOLD-1200.jpg\" data-lightbox=\"cat\" data-title=\"CHIP, 2021, 47,2 x 55,1 in\"><img class=\"lazy\" data-src='https:\/\/schmiedekampf.de\/wp-content\/uploads\/2021\/11\/CHIP-2021-120-x-140-cm-SOLD-_400.jpg' \/><\/a>\n    <div class=\"img-description\">\n        CHIP, 2021, 47,2 x 55,1 in                        <div class=\"aus\"><span class=\"aus\"><\/span> \n                    Sold                <\/div>\n            <\/div>\n<\/div>\n\n\n    <\/div>\n\n\n\n<div class=\"wp-container-2 wp-block-column\">\n<div class=\"image-gallery lazy-load g-block image-link  align-center\">\n    <!-- <img src=\"\" class=\"hide\" \/> -->\n    <a href=\"https:\/\/schmiedekampf.de\/wp-content\/uploads\/2021\/09\/ICON-2021-200-x-150-cm-SOLD-_1200.jpg\" data-lightbox=\"cat\" data-title=\"ICON, 2021, 78,7 x 59,1 in\"><img class=\"lazy\" data-src='https:\/\/schmiedekampf.de\/wp-content\/uploads\/2021\/09\/ICON-2021-200-x-150-cm-SOLD-_400.jpg' \/><\/a>\n    <div class=\"img-description\">\n        ICON, 2021, 78,7 x 59,1 in                        <div class=\"aus\"><span class=\"aus\"><\/span> \n                    Sold                <\/div>\n            <\/div>\n<\/div>\n\n\n    <\/div>\n<\/div>\n\n\n\n<div class=\"image-gallery lazy-load g-block image-link  align-center\">\n    <!-- <img src=\"\" class=\"hide\" \/> -->\n    <a href=\"https:\/\/schmiedekampf.de\/wp-content\/uploads\/2020\/11\/THE-LION-SLEEPS-TONIGHT-2019-60-x-80-cm-LA-VITA-ein-Herz-fu\u0308r-Kinder-Charity-1200x600.jpg\" data-lightbox=\"cat\" data-title=\"THE LION SLEEPS TONIGHT, 2019, 23.6 x 31.5 inches, owned by La Vita (Aktion ein Herz f\u00fcr Kinder)\"><img class=\"lazy\" data-src='https:\/\/schmiedekampf.de\/wp-content\/uploads\/2020\/11\/THE-LION-SLEEPS-TONIGHT-2019-60-x-80-cm-LA-VITA-ein-Herz-fu\u0308r-Kinder-Charity-400x200.jpg' \/><\/a>\n    <div class=\"img-description\">\n        THE LION SLEEPS TONIGHT, 2019, 23.6 x 31.5 inches, owned by La Vita (Aktion ein Herz f\u00fcr Kinder)                        <div class=\"aus\"><span class=\"aus\"><\/span> \n                    Sold                <\/div>\n            <\/div>\n<\/div>\n\n\n    \n\n\n<div class=\"image-gallery lazy-load g-block image-link  align-center\">\n    <!-- <img src=\"\" class=\"hide\" \/> -->\n    <a href=\"https:\/\/schmiedekampf.de\/wp-content\/uploads\/2020\/03\/WAVE-OF-JOY-2019-160-x240-cm-Kopie.jpg\" data-lightbox=\"cat\" data-title=\" \"WAVE OF JOY\", 2019, 63 x 94,5 inches\"><img class=\"lazy\" data-src='https:\/\/schmiedekampf.de\/wp-content\/uploads\/2020\/03\/WAVE-OF-JOY-2019-160-x240-cm-Icon.jpg' \/><\/a>\n    <div class=\"img-description\">\n         &#8220;WAVE OF JOY&#8221;, 2019, 63 x 94,5 inches                        <div class=\"aus\"><span class=\"aus\"><\/span> \n                    Sold                <\/div>\n            <\/div>\n<\/div>\n\n\n    \n\n\n<div class=\"wp-container-6 wp-block-columns has-2-columns\">\n<div class=\"wp-container-4 wp-block-column\">\n<div class=\"image-gallery lazy-load g-block image-link  align-center\">\n    <!-- <img src=\"\" class=\"hide\" \/> -->\n    <a href=\"\/wp-content\/uploads\/2019\/03\/black-tie-spirit-2017.jpg\" data-lightbox=\"cat\" data-title=\"BLACK TIE SPIRIT, 2017, 78.7 x 118.1 inches\"><img class=\"lazy\" data-src='\/wp-content\/uploads\/2019\/03\/black-tie-spirit-2017-icon.jpg' \/><\/a>\n    <div class=\"img-description\">\n        BLACK TIE SPIRIT, 2017, 78.7 x 118.1 inches            <\/div>\n<\/div>\n\n\n    <\/div>\n\n\n\n<div class=\"wp-container-5 wp-block-column\">\n<div class=\"image-gallery lazy-load g-block image-link  align-center\">\n    <!-- <img src=\"\" class=\"hide\" \/> -->\n    <a href=\"\/wp-content\/uploads\/2019\/03\/simply-the-best-2010.jpg\" data-lightbox=\"cat\" data-title=\"SIMPLY THE BEST, 2010, 78.7 x 118.1 inches | Eingang ELECTRO SIEMER Bremen, Deutschland\n\"><img class=\"lazy\" data-src='\/wp-content\/uploads\/2019\/03\/simply-the-best-2010-icon.jpg' \/><\/a>\n    <div class=\"img-description\">\n        SIMPLY THE BEST, 2010, 78.7 x 118.1 inches | Eingang ELECTRO SIEMER Bremen, Deutschland\n                        <div class=\"aus\"><span class=\"aus\"><\/span> \n                    Sold                <\/div>\n            <\/div>\n<\/div>\n\n\n    <\/div>\n<\/div>\n\n\n\n<div class=\"image-gallery lazy-load g-block image-link  align-center\">\n    <!-- <img src=\"\" class=\"hide\" \/> -->\n    <a href=\"https:\/\/schmiedekampf.de\/wp-content\/uploads\/2019\/05\/around-the-world-2016-1.jpg\" data-lightbox=\"cat\" data-title=\"AROUND THE WORLD, 2016, 43.3 x 147.6 inches, Zentrale LESCHACO , International Logistics Solutions \"><img class=\"lazy\" data-src='https:\/\/schmiedekampf.de\/wp-content\/uploads\/2019\/05\/around-the-world-2016-icon-1.jpg' \/><\/a>\n    <div class=\"img-description\">\n        AROUND THE WORLD, 2016, 43.3 x 147.6 inches, Zentrale LESCHACO , International Logistics Solutions                         <div class=\"aus\"><span class=\"aus\"><\/span> \n                    Sold                <\/div>\n            <\/div>\n<\/div>\n\n\n    \n\n\n<div class=\"wp-container-9 wp-block-columns has-2-columns\">\n<div class=\"wp-container-7 wp-block-column\">\n<div class=\"image-gallery lazy-load g-block image-link  align-center\">\n    <!-- <img src=\"\" class=\"hide\" \/> -->\n    <a href=\"\/wp-content\/uploads\/2019\/03\/benedikt-und-jonathan-2016.jpg\" data-lightbox=\"cat\" data-title=\"Benedikt und Jonathan, 2016, 31.5 x 39.4 inches\"><img class=\"lazy\" data-src='\/wp-content\/uploads\/2019\/03\/benedikt-und-jonathan-2016-icon.jpg' \/><\/a>\n    <div class=\"img-description\">\n        Benedikt und Jonathan, 2016, 31.5 x 39.4 inches                        <div class=\"aus\"><span class=\"aus\"><\/span> \n                    Sold                <\/div>\n            <\/div>\n<\/div>\n\n\n    <\/div>\n\n\n\n<div class=\"wp-container-8 wp-block-column\">\n<p><\/p>\n<\/div>\n<\/div>\n\n\n\n<div class=\"image-gallery lazy-load g-block image-link  align-center\">\n    <!-- <img src=\"\" class=\"hide\" \/> -->\n    <a href=\"\/wp-content\/uploads\/2019\/03\/heaven-stood-still-2010.jpg\" data-lightbox=\"cat\" data-title=\"HEAVEN STOOD STILL, 2010, 43.3 x 43.3 inches (Erg\u00e4nzung zu Zeit F\u00fcr R\u00fcdiger)\"><img class=\"lazy\" data-src='\/wp-content\/uploads\/2019\/03\/heaven-stood-still-2010-icon.jpg' \/><\/a>\n    <div class=\"img-description\">\n        HEAVEN STOOD STILL, 2010, 43.3 x 43.3 inches (Erg\u00e4nzung zu Zeit F\u00fcr R\u00fcdiger)                        <div class=\"aus\"><span class=\"aus\"><\/span> \n                    Sold                <\/div>\n            <\/div>\n<\/div>\n\n\n    \n\n\n<div class=\"wp-container-12 wp-block-columns has-2-columns\">\n<div class=\"wp-container-10 wp-block-column\">\n<div class=\"image-gallery lazy-load g-block image-link  align-center\">\n    <!-- <img src=\"\" class=\"hide\" \/> -->\n    <a href=\"\/wp-content\/uploads\/2019\/03\/go-lightly-2010.jpg\" data-lightbox=\"cat\" data-title=\"GO LIGHTLY, 2010, 15.7 x 23.6 inches | Charitybeitrag f\u00fcr BMW Kunstadventskalender\"><img class=\"lazy\" data-src='\/wp-content\/uploads\/2019\/03\/go-lightly-2010-icon.jpg' \/><\/a>\n    <div class=\"img-description\">\n        GO LIGHTLY, 2010, 15.7 x 23.6 inches | Charitybeitrag f\u00fcr BMW Kunstadventskalender                        <div class=\"aus\"><span class=\"aus\"><\/span> \n                    Sold                <\/div>\n            <\/div>\n<\/div>\n\n\n    <\/div>\n\n\n\n<div class=\"wp-container-11 wp-block-column\">\n<div class=\"image-gallery lazy-load g-block image-link  align-center\">\n    <!-- <img src=\"\" class=\"hide\" \/> -->\n    <a href=\"\/wp-content\/uploads\/2019\/03\/zeit-f\u00fcr-r\u00fcdiger-2009.jpg\" data-lightbox=\"cat\" data-title=\"ZEIT F\u00dcR R\u00dcDIGER, 2009, 70.9 x 118.1 inches, Familienbild f\u00fcr R\u00fcdiger Lang\n\"><img class=\"lazy\" data-src='\/wp-content\/uploads\/2019\/03\/zeit-f\u00fcr-r\u00fcdiger-2009-icon.jpg' \/><\/a>\n    <div class=\"img-description\">\n        ZEIT F\u00dcR R\u00dcDIGER, 2009, 70.9 x 118.1 inches, Familienbild f\u00fcr R\u00fcdiger Lang\n                        <div class=\"aus\"><span class=\"aus\"><\/span> \n                    Sold                <\/div>\n            <\/div>\n<\/div>\n\n\n    <\/div>\n<\/div>\n\n\n\n<div class=\"image-gallery lazy-load g-block image-link  align-center\">\n    <!-- <img src=\"\" class=\"hide\" \/> -->\n    <a href=\"\/wp-content\/uploads\/2019\/03\/lisa-2007.jpg\" data-lightbox=\"cat\" data-title=\"LISA, 2007, 31.5 x 63 inches | Geschenk von Lisa an Max\"><img class=\"lazy\" data-src='\/wp-content\/uploads\/2019\/03\/lisa-2007-icon.jpg' \/><\/a>\n    <div class=\"img-description\">\n        LISA, 2007, 31.5 x 63 inches | Geschenk von Lisa an Max                        <div class=\"aus\"><span class=\"aus\"><\/span> \n                    Sold                <\/div>\n            <\/div>\n<\/div>\n\n\n    \n\n\n<div class=\"image-gallery lazy-load g-block image-link  align-center\">\n    <!-- <img src=\"\" class=\"hide\" \/> -->\n    <a href=\"https:\/\/schmiedekampf.de\/wp-content\/uploads\/2020\/11\/LEDASTERN-2001-150-x-300-cm-Bu\u0308ro-Poets-Partner-Bremen-1200x600.jpg\" data-lightbox=\"cat\" data-title=\"LEDA STERN, 2001, 59 x 118.1 inches, owned by Rederei Ports &#038; Partner\"><img class=\"lazy\" data-src='https:\/\/schmiedekampf.de\/wp-content\/uploads\/2020\/11\/LEDASTERN-2001-150-x-300-cm-Bu\u0308ro-Poets-Partner-Bremen-400x200.jpg' \/><\/a>\n    <div class=\"img-description\">\n        LEDA STERN, 2001, 59 x 118.1 inches, owned by Rederei Ports &#038; Partner                        <div class=\"aus\"><span class=\"aus\"><\/span> \n                    Sold                <\/div>\n            <\/div>\n<\/div>\n\n\n    \n\n\n<div class=\"wp-container-15 wp-block-columns has-2-columns\">\n<div class=\"wp-container-13 wp-block-column\">\n<div class=\"image-gallery lazy-load g-block image-link  align-center\">\n    <!-- <img src=\"\" class=\"hide\" \/> -->\n    <a href=\"\/wp-content\/uploads\/2019\/03\/erg\u00e4nzung-zu-panorama-kruppsche-gu\u00dfstahlfabrik-1969.jpg\" data-lightbox=\"cat\" data-title=\"Erg\u00e4nzung zu PANORAMA Kruppsche Gu\u00dfstahlfabrik 1864, Industriemuseum Oberhausen, 1996, 189 x 413.3 inches\"><img class=\"lazy\" data-src='\/wp-content\/uploads\/2019\/03\/erg\u00e4nzung-zu-panorama-kruppsche-gu\u00dfstahlfabrik-1969-icon.jpg' \/><\/a>\n    <div class=\"img-description\">\n        Erg\u00e4nzung zu PANORAMA Kruppsche Gu\u00dfstahlfabrik 1864, Industriemuseum Oberhausen, 1996, 189 x 413.3 inches                        <div class=\"aus\"><span class=\"aus\"><\/span> \n                    Sold                <\/div>\n            <\/div>\n<\/div>\n\n\n    <\/div>\n\n\n\n<div class=\"wp-container-14 wp-block-column\">\n<div class=\"image-gallery lazy-load g-block image-link  align-center\">\n    <!-- <img src=\"\" class=\"hide\" \/> -->\n    <a href=\"\/wp-content\/uploads\/2019\/03\/erg\u00e4nzung-zu-panorama-kruppsche-gu\u00dfstahlfabrik-1969_2.jpg\" data-lightbox=\"cat\" data-title=\"Erg\u00e4nzung zu PANORAMA Kruppsche Gu\u00dfstahlfabrik 1864, Industriemuseum Oberhausen, 1996, 189 x 413.3 inches\"><img class=\"lazy\" data-src='\/wp-content\/uploads\/2019\/03\/erg\u00e4nzung-zu-panorama-kruppsche-gu\u00dfstahlfabrik-1969-icon_2.jpg' \/><\/a>\n    <div class=\"img-description\">\n        Erg\u00e4nzung zu PANORAMA Kruppsche Gu\u00dfstahlfabrik 1864, Industriemuseum Oberhausen, 1996, 189 x 413.3 inches                        <div class=\"aus\"><span class=\"aus\"><\/span> \n                    Sold                <\/div>\n            <\/div>\n<\/div>\n\n\n    <\/div>\n<\/div>\n\n\n\n<div class=\"wp-container-18 wp-block-columns has-2-columns\">\n<div class=\"wp-container-16 wp-block-column\">\n<div class=\"image-gallery lazy-load g-block image-link  align-center\">\n    <!-- <img src=\"\" class=\"hide\" \/> -->\n    <a href=\"\/wp-content\/uploads\/2019\/03\/arbeitsskizze-zu-panorama-kruppsche-gu\u00dfstahlfabrik-1996.jpg\" data-lightbox=\"cat\" data-title=\"Arbeitsskizze zu PANORAMA Kruppsche Gu\u00dfstahlfabrik 1864, Industriemuseum Oberhausen, 1996, 189 x 413.3 inches\"><img class=\"lazy\" data-src='\/wp-content\/uploads\/2019\/03\/arbeitsskizze-zu-panorama-kruppsche-gu\u00dfstahlfabrik-1996-icon.jpg' \/><\/a>\n    <div class=\"img-description\">\n        Arbeitsskizze zu PANORAMA Kruppsche Gu\u00dfstahlfabrik 1864, Industriemuseum Oberhausen, 1996, 189 x 413.3 inches                        <div class=\"aus\"><span class=\"aus\"><\/span> \n                    Sold                <\/div>\n            <\/div>\n<\/div>\n\n\n    <\/div>\n\n\n\n<div class=\"wp-container-17 wp-block-column\">\n<div class=\"image-gallery lazy-load g-block image-link  align-center\">\n    <!-- <img src=\"\" class=\"hide\" \/> -->\n    <a href=\"\/wp-content\/uploads\/2019\/03\/arbeitsskizze-zu-panorama-kruppsche-gu\u00dfstahlfabrik-1996_2.jpg\" data-lightbox=\"cat\" data-title=\"Arbeitsskizze zu PANORAMA Kruppsche Gu\u00dfstahlfabrik 1864, Industriemuseum Oberhausen, 1996, 189 x 413.3 inches\"><img class=\"lazy\" data-src='\/wp-content\/uploads\/2019\/03\/arbeitsskizze-zu-panorama-kruppsche-gu\u00dfstahlfabrik-1996-icon_2.jpg' \/><\/a>\n    <div class=\"img-description\">\n        Arbeitsskizze zu PANORAMA Kruppsche Gu\u00dfstahlfabrik 1864, Industriemuseum Oberhausen, 1996, 189 x 413.3 inches                        <div class=\"aus\"><span class=\"aus\"><\/span> \n                    Sold                <\/div>\n            <\/div>\n<\/div>\n\n\n    <\/div>\n<\/div>\n\n\n\n<div class=\"wp-container-21 wp-block-columns has-2-columns\">\n<div class=\"wp-container-19 wp-block-column\">\n<div class=\"previous-category align-right\">\n    <a href=\"\/en\/faces-and-music\/\">\n        <span class=\"outline huge\">Faces &#038; music<\/span>\n    <\/a>\n    <a class=\"has-arrow\" href=\"\/en\/faces-and-music\/\">\n                Previous category    <\/a>\n<\/div>\n\n\n    <\/div>\n\n\n\n<div class=\"wp-container-20 wp-block-column\">\n<div class=\"next-category\">\n    <a href=\"\/en\/new-york-city\/\">\n        <span class=\"outline huge\">New York City<\/span>\n    <\/a>\n    <a class=\"has-arrow\" href=\"\/en\/new-york-city\/\">\n                Next category    <\/a>\n<\/div>\n\n\n    <\/div>\n<\/div>\n","protected":false},"excerpt":{"rendered":"","protected":false},"author":14,"featured_media":81,"parent":0,"menu_order":0,"comment_status":"closed","ping_status":"closed","template":"","meta":[],"_links":{"self":[{"href":"https:\/\/schmiedekampf.de\/en\/wp-json\/wp\/v2\/pages\/2073"}],"collection":[{"href":"https:\/\/schmiedekampf.de\/en\/wp-json\/wp\/v2\/pages"}],"about":[{"href":"https:\/\/schmiedekampf.de\/en\/wp-json\/wp\/v2\/types\/page"}],"author":[{"embeddable":true,"href":"https:\/\/schmiedekampf.de\/en\/wp-json\/wp\/v2\/users\/14"}],"replies":[{"embeddable":true,"href":"https:\/\/schmiedekampf.de\/en\/wp-json\/wp\/v2\/comments?post=2073"}],"version-history":[{"count":3,"href":"https:\/\/schmiedekampf.de\/en\/wp-json\/wp\/v2\/pages\/2073\/revisions"}],"predecessor-version":[{"id":3835,"href":"https:\/\/schmiedekampf.de\/en\/wp-json\/wp\/v2\/pages\/2073\/revisions\/3835"}],"wp:featuredmedia":[{"embeddable":true,"href":"https:\/\/schmiedekampf.de\/en\/wp-json\/wp\/v2\/media\/81"}],"wp:attachment":[{"href":"https:\/\/schmiedekampf.de\/en\/wp-json\/wp\/v2\/media?parent=2073"}],"curies":[{"name":"wp","href":"https:\/\/api.w.org\/{rel}","templated":true}]}}